{"id":222,"date":"2018-11-04T16:32:13","date_gmt":"2018-11-04T15:32:13","guid":{"rendered":"http:\/\/www.brunneben.at\/?page_id=222"},"modified":"2018-11-05T15:07:48","modified_gmt":"2018-11-05T14:07:48","slug":"freizeit-und-aktivitaeten","status":"publish","type":"page","link":"https:\/\/www.brunneben.at\/?page_id=222","title":{"rendered":"Freizeit und Aktivit\u00e4ten"},"content":{"rendered":"<p>&nbsp;<\/p>\n<p>Die kleine Gemeinde Sankt Margarethen ist der ideale Ausgangspunkt f\u00fcr Aktivit\u00e4ten im UNESCO Biosph\u00e4renpark Salzburger Lungau, im Sommer wie im Winter. Das Dorf liegt zentral in der herrlichen Bergwelt des Lungaus und auch der Murradweg f\u00fchrt direkt durch die Ortschaft.\u00a0 Auf hohe Berge oder sanfte H\u00fcgel &#8211; erkunden Sie Berg und Tal auf dem Rad, genussvoll zu Fu\u00df oder genie\u00dfen Sie herrliche Momente auf dem Golfplatz Lungau.<\/p>\n<p>Die Talstation des Skigebiets Aineck-Katschberg liegt in Sankt Margarethen, ca. 900 m von der Unterkunft entfernt. Bei uns brauchen Sie keine Skier schleppen \u2013 wir stellen Ihnen f\u00fcr die Zeit Ihres Aufenthalts das Skidepot gratis zur Verf\u00fcgung.<\/p>\n<p>Die benachbarten Skigebiete Grosseck-Speiereck, Familienerlebnisberg Fanningberg und Obertauern sind von Sankt Margarethen aus mit dem gratis Ski-Bus erreichbar.<\/p>\n<p>Neben den zahlreichen sportlichen Aktivit\u00e4ten, die ein Urlaub im Lungau bietet, stehen im Laufe des Jahres auch zahlreiche traditionelle Veranstaltungen am Programm, die einen Besuch wert sind. Umz\u00fcge mit dem Riesen Samson, die prachtvollen Prangstangen, Wasserscheibenschie\u00dfen am Prebersee, zauberhafte Adventm\u00e4rkte\u2026 Hier wird Brauchtum noch gro\u00df geschrieben.<\/p>\n<p>N\u00e4here Informationen zum Brauchtum und zu weiteren Sehensw\u00fcrdigkeiten im Lungau, wie die Schl\u00f6sser, Burgen und die Taurachbahn als \u00d6sterreichs h\u00f6chste Schmalspurbahn, finden Sie unter <a href=\"http:\/\/www.lungau.at\">www.lungau.at<\/a>.<\/p>\n<p><a href=\".\/wp-content\/uploads\/2018\/11\/35400470872_a843d1e041_o.jpg\">Download Sommer Karte<\/a><br \/>\n<div class=\"leaflet-map WPLeafletMap\" style=\"height:500px; width:90%;\"><\/div><script>\nwindow.WPLeafletMapPlugin = window.WPLeafletMapPlugin || [];\nwindow.WPLeafletMapPlugin.push(function WPLeafletImageShortcode() {\/*<script>*\/\nvar options = L.Util.extend({}, {\n        attributionControl: false\n    }, {\"zoomControl\":true,\"scrollWheelZoom\":true,\"doubleClickZoom\":false,\"fitBounds\":false,\"minZoom\":0,\"maxZoom\":20,\"attribution\":\"\\u00a9 Copyright Ferienregion Lungau\"}, {\n        crs: L.CRS.Simple\n    });\nvar image_src = '.\/wp-content\/uploads\/2018\/11\/35400470872_a843d1e041_o.jpg';\nvar img = new Image();\nvar zoom = 12;\nvar map = window.WPLeafletMapPlugin.createImageMap(options).setView([0, 0], zoom);\nimg.onload = function() {\n    var h = img.height,\n        w = img.width,\n        projected_zoom = zoom + 1,\n        southWest = map.unproject([-w, h], projected_zoom),\n        northEast = map.unproject([w, -h], projected_zoom),\n        bounds = new L.LatLngBounds(southWest, northEast);\n    L.imageOverlay( image_src, bounds ).addTo( map );\n    map.setMaxBounds(bounds);\n};\nimg.src = image_src;});<\/script><br \/>\n<a href=\".\/wp-content\/uploads\/2018\/11\/34529360402_f079f928e2_o.jpg\">Download Winter Karte<\/a><br \/>\n<div class=\"leaflet-map WPLeafletMap\" style=\"height:500px; width:90%;\"><\/div><script>\nwindow.WPLeafletMapPlugin = window.WPLeafletMapPlugin || [];\nwindow.WPLeafletMapPlugin.push(function WPLeafletImageShortcode() {\/*<script>*\/\nvar options = L.Util.extend({}, {\n        attributionControl: false\n    }, {\"zoomControl\":true,\"scrollWheelZoom\":true,\"doubleClickZoom\":false,\"fitBounds\":false,\"minZoom\":0,\"maxZoom\":20,\"attribution\":\"\\u00a9 Copyright Ferienregion Lungau\"}, {\n        crs: L.CRS.Simple\n    });\nvar image_src = '.\/wp-content\/uploads\/2018\/11\/34529360402_f079f928e2_o.jpg';\nvar img = new Image();\nvar zoom = 12;\nvar map = window.WPLeafletMapPlugin.createImageMap(options).setView([0, 0], zoom);\nimg.onload = function() {\n    var h = img.height,\n        w = img.width,\n        projected_zoom = zoom + 1,\n        southWest = map.unproject([-w, h], projected_zoom),\n        northEast = map.unproject([w, -h], projected_zoom),\n        bounds = new L.LatLngBounds(southWest, northEast);\n    L.imageOverlay( image_src, bounds ).addTo( map );\n    map.setMaxBounds(bounds);\n};\nimg.src = image_src;});<\/script><\/p>\n","protected":false},"excerpt":{"rendered":"<p>&nbsp; Die kleine Gemeinde Sankt Margarethen ist der ideale Ausgangspunkt f\u00fcr Aktivit\u00e4ten im UNESCO Biosph\u00e4renpark Salzburger Lungau, im Sommer wie im Winter. Das Dorf liegt zentral in der herrlichen Bergwelt des Lungaus und auch der Murradweg f\u00fchrt direkt durch die Ortschaft.\u00a0 Auf hohe Berge oder sanfte H\u00fcgel &#8211; erkunden Sie Berg und Tal auf dem&hellip;<\/p>\n","protected":false},"author":1,"featured_media":0,"parent":0,"menu_order":0,"comment_status":"closed","ping_status":"closed","template":"","meta":[],"_links":{"self":[{"href":"https:\/\/www.brunneben.at\/index.php?rest_route=\/wp\/v2\/pages\/222"}],"collection":[{"href":"https:\/\/www.brunneben.at\/index.php?rest_route=\/wp\/v2\/pages"}],"about":[{"href":"https:\/\/www.brunneben.at\/index.php?rest_route=\/wp\/v2\/types\/page"}],"author":[{"embeddable":true,"href":"https:\/\/www.brunneben.at\/index.php?rest_route=\/wp\/v2\/users\/1"}],"replies":[{"embeddable":true,"href":"https:\/\/www.brunneben.at\/index.php?rest_route=%2Fwp%2Fv2%2Fcomments&post=222"}],"version-history":[{"count":12,"href":"https:\/\/www.brunneben.at\/index.php?rest_route=\/wp\/v2\/pages\/222\/revisions"}],"predecessor-version":[{"id":249,"href":"https:\/\/www.brunneben.at\/index.php?rest_route=\/wp\/v2\/pages\/222\/revisions\/249"}],"wp:attachment":[{"href":"https:\/\/www.brunneben.at\/index.php?rest_route=%2Fwp%2Fv2%2Fmedia&parent=222"}],"curies":[{"name":"wp","href":"https:\/\/api.w.org\/{rel}","templated":true}]}}